{"id":83,"date":"2026-03-06T06:58:33","date_gmt":"2026-03-06T06:58:33","guid":{"rendered":"https:\/\/eduworldro.org\/?page_id=83"},"modified":"2026-03-12T09:51:43","modified_gmt":"2026-03-12T09:51:43","slug":"gradinite-partenere","status":"publish","type":"page","link":"https:\/\/eduworldro.org\/en\/gradinite-partenere\/","title":{"rendered":"Gr\u0103dini\u021be Partenere"},"content":{"rendered":"<div class=\"wp-block-group alignfull is-style-ext-preset--group--natural-1--section has-background-background-color has-background has-global-padding is-layout-constrained wp-container-core-group-is-layout-6714b1d7 wp-block-group-is-layout-constrained\" id=\"despre\" style=\"margin-top:0;margin-bottom:0;padding-top:var(--wp--preset--spacing--70);padding-bottom:var(--wp--preset--spacing--70)\">\n<div class=\"wp-block-group is-nowrap is-layout-flex wp-container-core-group-is-layout-6c531013 wp-block-group-is-layout-flex\">\n<h2 class=\"wp-block-heading has-text-align-center ext-animate--on\">Dac\u0103 sunte\u021bi \u00een c\u0103utarea unei gr\u0103dini\u021be pentru copilul dumneavoastr\u0103, mai jos g\u0103si\u021bi gr\u0103dini\u021bele partenere<\/h2>\n<\/div>\n\n\n\n<div class=\"wp-block-columns alignwide is-layout-flex wp-container-core-columns-is-layout-28f84493 wp-block-columns-is-layout-flex\">\n<div class=\"wp-block-column ext-animate--on is-layout-flow wp-block-column-is-layout-flow\">\n<figure class=\"wp-block-image aligncenter size-full is-resized is-style-rounded wp-duotone-unset-2\"><a href=\"https:\/\/www.instagram.com\/gradinita_happy_univers?igsh=dmdzajAwem1xOGll&amp;utm_source=qr\"><img loading=\"lazy\" decoding=\"async\" width=\"174\" height=\"148\" src=\"https:\/\/eduworldro.org\/wp-content\/uploads\/2026\/03\/download-1.jpeg\" alt=\"\" class=\"wp-image-113\" style=\"aspect-ratio:1.065740828514551;width:87px;height:auto\" srcset=\"https:\/\/eduworldro.org\/wp-content\/uploads\/2026\/03\/download-1.jpeg 174w, https:\/\/eduworldro.org\/wp-content\/uploads\/2026\/03\/download-1-14x12.jpeg 14w\" sizes=\"auto, (max-width: 174px) 100vw, 174px\" \/><\/a><\/figure>\n\n\n\n<div class=\"wp-block-group is-nowrap is-layout-flex wp-container-core-group-is-layout-6c531013 wp-block-group-is-layout-flex\">\n<h6 class=\"wp-block-heading has-text-align-center\"><strong><em><a href=\"https:\/\/maps.app.goo.gl\/QPoVFHzDLYQGayuD7\" title=\"Gr\u0103dini\u021ba Happy Univers Voluntari\">   Gr\u0103dini\u021ba Happy Univers Voluntari<\/a><\/em><\/strong><br><a href=\"https:\/\/maps.app.goo.gl\/UkozLJKKbiHbe9NQA\" title=\"\">Strada Emil Racovi\u021b\u0103 29A<\/a><br><a href=\"https:\/\/maps.app.goo.gl\/QPoVFHzDLYQGayuD7\">Sediul 1 &#8211; Voluntari-Pipera<\/a><br><br><a href=\"tel:\/\/+40722.323.663\" title=\"+40 722 323 663\">+40 722 323 663<br><\/a>happypipera(@)happyunivers.ro<br>Luni &#8211; Vineri <br>08:00 &#8211; 18:00<\/h6>\n<\/div>\n\n\n\n<figure class=\"wp-block-image is-style-ext-preset-image-natural-1-image-1--content-bottom is-style-ext-preset--image--natural-1--image-1--content-bottom extendify-image-import is-style-ext-preset--image--natural-1--image-1--content-bottom--3\"><a href=\"https:\/\/www.instagram.com\/gradinita_happy_univers?igsh=dmdzajAwem1xOGll&amp;utm_source=qr\"><img decoding=\"async\" src=\"https:\/\/images.unsplash.com\/photo-1567746455504-cb3213f8f5b8?ixid=M3w0MzUxNjF8MHwxfHNlYXJjaHw0fHxraW5kZXJnYXJ0ZW58ZW58MHx8fHwxNzcxODE5Mzc0fDA&amp;ixlib=rb-4.1.0&amp;orientation=landscape?fit=crop&amp;crop=entropy%2Cfaces&amp;auto=format%2Ccompress&amp;w=1280\" alt=\"\" style=\"aspect-ratio:3\/4;object-fit:cover\"\/><\/a><\/figure>\n<\/div>\n\n\n\n<div class=\"wp-block-column ext-animate--on is-layout-flow wp-block-column-is-layout-flow\">\n<figure class=\"wp-block-image aligncenter size-full is-resized is-style-rounded wp-duotone-unset-4\"><a href=\"https:\/\/www.instagram.com\/gradinita_happy_univers?igsh=dmdzajAwem1xOGll&amp;utm_source=qr\"><img loading=\"lazy\" decoding=\"async\" width=\"174\" height=\"148\" src=\"https:\/\/eduworldro.org\/wp-content\/uploads\/2026\/03\/download-1.jpeg\" alt=\"\" class=\"wp-image-113\" style=\"aspect-ratio:1.065740828514551;width:87px;height:auto\" srcset=\"https:\/\/eduworldro.org\/wp-content\/uploads\/2026\/03\/download-1.jpeg 174w, https:\/\/eduworldro.org\/wp-content\/uploads\/2026\/03\/download-1-14x12.jpeg 14w\" sizes=\"auto, (max-width: 174px) 100vw, 174px\" \/><\/a><\/figure>\n\n\n\n<h6 class=\"wp-block-heading has-text-align-center\"><strong><em><a href=\"https:\/\/www.google.com\/maps\/@44.4952719,26.126598,3a,90y,52.32h,75.84t\/data=!3m7!1e1!3m5!1sHAFgHf-M3DlhBeEaoqat2Q!2e0!6shttps:%2F%2Fstreetviewpixels-pa.googleapis.com%2Fv1%2Fthumbnail%3Fcb_client%3Dmaps_sv.tactile%26w%3D900%26h%3D600%26pitch%3D14.159999999999997%26panoid%3DHAFgHf-M3DlhBeEaoqat2Q%26yaw%3D52.32!7i16384!8i8192?entry=ttu&amp;g_ep=EgoyMDI2MDMwMi4wIKXMDSoASAFQAw%3D%3D\" title=\"\">Gr\u0103dini\u021ba Happy Univers<\/a><\/em><\/strong><a href=\"https:\/\/maps.app.goo.gl\/MSxscLFBE534P4qt8\" title=\"\"><strong><em> Pipera<\/em><\/strong><\/a><br><a href=\"https:\/\/maps.app.goo.gl\/MSxscLFBE534P4qt8\" title=\"\">Bulevardul Pipera 1Z<\/a><br><a href=\"https:\/\/maps.app.goo.gl\/MSxscLFBE534P4qt8\" title=\"\">Sediul 2 &#8211; Voluntari-Pipera<\/a><br><br><a href=\"tel:\/\/+40722.323.663\" title=\"\">+40 722 323 663<br><\/a>happypipera(@)happyunivers.ro<br>Luni &#8211; Vineri <br>08:00 &#8211; 18:00<\/h6>\n\n\n\n<figure class=\"wp-block-image is-style-ext-preset-image-natural-1-image-1--content-bottom is-style-ext-preset--image--natural-1--image-1--content-bottom extendify-image-import is-style-ext-preset--image--natural-1--image-1--content-bottom--5\"><a href=\"https:\/\/www.instagram.com\/gradinita_happy_univers?igsh=dmdzajAwem1xOGll&amp;utm_source=qr\"><img decoding=\"async\" src=\"https:\/\/images.unsplash.com\/photo-1541692641319-981cc79ee10a?ixid=M3w0MzUxNjF8MHwxfHNlYXJjaHw1fHxraW5kZXJnYXJ0ZW58ZW58MHx8fHwxNzcxODE5Mzc0fDA&amp;ixlib=rb-4.1.0&amp;orientation=landscape?fit=crop&amp;crop=entropy%2Cfaces&amp;auto=format%2Ccompress&amp;w=1280\" alt=\"\" style=\"aspect-ratio:3\/4;object-fit:cover\"\/><\/a><\/figure>\n<\/div>\n\n\n\n<div class=\"wp-block-column ext-animate--on is-layout-flow wp-block-column-is-layout-flow\">\n<figure class=\"wp-block-image aligncenter size-full is-resized is-style-rounded wp-duotone-unset-6\"><a href=\"https:\/\/www.instagram.com\/gradinitamyuniverse\"><img loading=\"lazy\" decoding=\"async\" width=\"174\" height=\"148\" src=\"https:\/\/eduworldro.org\/wp-content\/uploads\/2026\/03\/download-1.jpeg\" alt=\"\" class=\"wp-image-113\" style=\"aspect-ratio:1.065740828514551;width:87px;height:auto\" srcset=\"https:\/\/eduworldro.org\/wp-content\/uploads\/2026\/03\/download-1.jpeg 174w, https:\/\/eduworldro.org\/wp-content\/uploads\/2026\/03\/download-1-14x12.jpeg 14w\" sizes=\"auto, (max-width: 174px) 100vw, 174px\" \/><\/a><\/figure>\n\n\n\n<h6 class=\"wp-block-heading has-text-align-center\"><a href=\"https:\/\/www.google.com\/maps\/place\/%22My+Universe%22+Kindergarten\/@44.4331965,26.0785128,457m\/data=!3m2!1e3!4b1!4m6!3m5!1s0x40b1ff63862fbc4d:0x90f3b39bee4d874d!8m2!3d44.4331965!4d26.0785128!16s%2Fg%2F11h461nqb0!18m1!1e1?entry=ttu&amp;g_ep=EgoyMDI2MDMwMi4wIKXMDSoASAFQAw%3D%3D\" title=\"\"><strong>Gradinita My Universe<\/strong><br>Strada Costache Negri, Nr 9-11, Sediul Cotroceni<\/a><br><br><a href=\"tel:\/\/+40722.323.663\" title=\"\">+40 722 323 663<br><\/a>contactmyuniverse@yahoo.com<br>Luni &#8211; Vineri <br>08:00 &#8211; 18:00<\/h6>\n\n\n\n<figure class=\"wp-block-image is-style-ext-preset-image-natural-1-image-1--content-bottom is-style-ext-preset--image--natural-1--image-1--content-bottom extendify-image-import is-style-ext-preset--image--natural-1--image-1--content-bottom--7\"><a href=\"https:\/\/www.instagram.com\/gradinitamyuniverse\"><img decoding=\"async\" src=\"https:\/\/images.unsplash.com\/photo-1578349035260-9f3d4042f1f7?ixid=M3w0MzUxNjF8MHwxfHNlYXJjaHwyfHxraW5kZXJnYXJ0ZW58ZW58MHx8fHwxNzcxODE5Mzc0fDA&amp;ixlib=rb-4.1.0&amp;orientation=landscape?fit=crop&amp;crop=entropy%2Cfaces&amp;auto=format%2Ccompress&amp;w=1280\" alt=\"\" style=\"aspect-ratio:3\/4;object-fit:cover\"\/><\/a><\/figure>\n<\/div>\n<\/div>\n<\/div>\n\n\n\n<div class=\"wp-block-group alignfull is-style-ext-preset--group--natural-1--section has-background-background-color has-background has-global-padding is-layout-constrained wp-container-core-group-is-layout-e955bbaf wp-block-group-is-layout-constrained\" style=\"margin-top:0;margin-bottom:0;padding-top:var(--wp--preset--spacing--70);padding-bottom:var(--wp--preset--spacing--70)\">\n<div class=\"wp-block-media-text alignwide has-media-on-the-right is-stacked-on-mobile is-image-fill-element is-style-ext-preset--media-text--natural-1--card-1 ext-animate--on extendify-image-import has-tertiary-background-color has-background is-style-ext-preset--media-text--natural-1--card-1--9\"><div class=\"wp-block-media-text__content\">\n<div class=\"wp-block-group alignwide is-vertical is-layout-flex wp-container-core-group-is-layout-53474e87 wp-block-group-is-layout-flex\" style=\"padding-top:var(--wp--preset--spacing--60);padding-bottom:var(--wp--preset--spacing--60)\">\n<div class=\"wp-block-group has-global-padding is-layout-constrained wp-container-core-group-is-layout-812d5580 wp-block-group-is-layout-constrained\" style=\"padding-top:0;padding-right:0;padding-bottom:0;padding-left:0\">\n<h2 class=\"wp-block-heading\">Despre gr\u0103dini\u021be partenere<\/h2>\n\n\n\n<p>Eduworld colaboreaz\u0103 cu o selec\u021bie atent\u0103 de gr\u0103dini\u021be private din Bucure\u0219ti \u0219i jude\u021bul Ilfov, unite de acelea\u0219i valori: educa\u021bie de calitate, mediu sigur \u0219i o abordare cald\u0103, centrat\u0103 pe copil. Fiecare gr\u0103dini\u021b\u0103 partener\u0103 a fost aleas\u0103 pe baza standardelor pedagogice ridicate, a echipelor dedicate \u0219i a mediului stimulativ pe care \u00eel ofer\u0103 micilor exploratori.<\/p>\n\n\n\n<p>Indiferent dac\u0103 locui\u021bi \u00een Voluntari, Pipera, zona Avia\u021biei, B\u0103neasa, Floreasca, Sectorul 1 sau \u00een comunit\u0103\u021bi precum Tunari, Otopeni ori \u0218tef\u0103ne\u0219tii de Jos, ve\u021bi g\u0103si  o gr\u0103dini\u021b\u0103 privat\u0103 partener\u0103 aproape de dumneavoastr\u0103.<br><br><\/p>\n<\/div>\n\n\n<\/div>\n<\/div><figure class=\"wp-block-media-text__media\"><img decoding=\"async\" src=\"https:\/\/images.unsplash.com\/photo-1567746455504-cb3213f8f5b8?ixid=M3w0MzUxNjF8MHwxfHNlYXJjaHw0fHxraW5kZXJnYXJ0ZW58ZW58MHx8fHwxNzcxODE5Mzc0fDA&amp;ixlib=rb-4.1.0&amp;orientation=landscape?fit=crop&amp;crop=entropy%2Cfaces&amp;auto=format%2Ccompress&amp;w=1280\" alt=\"\" style=\"object-position:50% 50%\"\/><\/figure><\/div>\n<\/div>\n\n\n\n<div class=\"wp-block-media-text is-stacked-on-mobile\"><figure class=\"wp-block-media-text__media\"><img loading=\"lazy\" decoding=\"async\" width=\"750\" height=\"938\" src=\"https:\/\/eduworldro.org\/wp-content\/uploads\/2026\/03\/496009189_18005084348769411_8052180093625489680_n.jpg\" alt=\"\" class=\"wp-image-151 size-full\" srcset=\"https:\/\/eduworldro.org\/wp-content\/uploads\/2026\/03\/496009189_18005084348769411_8052180093625489680_n.jpg 750w, https:\/\/eduworldro.org\/wp-content\/uploads\/2026\/03\/496009189_18005084348769411_8052180093625489680_n-240x300.jpg 240w, https:\/\/eduworldro.org\/wp-content\/uploads\/2026\/03\/496009189_18005084348769411_8052180093625489680_n-10x12.jpg 10w\" sizes=\"auto, (max-width: 750px) 100vw, 750px\" \/><\/figure><div class=\"wp-block-media-text__content\">\n<p>Cu dou\u0103 sedii \u00een zona Voluntari-Pipera, Gr\u0103dini\u021ba Happy Univers este una dintre cele mai apreciate gr\u0103dini\u021be private din jude\u021bul Ilfov.<\/p>\n\n\n\n<p>Programul zilnic se desf\u0103\u0219oar\u0103 de luni p\u00e2n\u0103 vineri, \u00eentre orele 08:00 \u0219i 18:00, oferind p\u0103rin\u021bilor flexibilitatea de care au nevoie. <\/p>\n\n\n\n<p>Copiii beneficiaz\u0103 de un curriculum echilibrat, activit\u0103\u021bi extracurriculare variate \u0219i un mediu de \u00eenv\u0103\u021bare plin de energie \u0219i creativitate.<br><\/p>\n<\/div><\/div>\n\n\n\n<div class=\"wp-block-media-text is-stacked-on-mobile\"><figure class=\"wp-block-media-text__media\"><img loading=\"lazy\" decoding=\"async\" width=\"768\" height=\"1024\" src=\"https:\/\/eduworldro.org\/wp-content\/uploads\/2026\/03\/573245605_17972393687955351_9202964667968652847_n-768x1024.jpg\" alt=\"\" class=\"wp-image-152 size-full\" srcset=\"https:\/\/eduworldro.org\/wp-content\/uploads\/2026\/03\/573245605_17972393687955351_9202964667968652847_n-768x1024.jpg 768w, https:\/\/eduworldro.org\/wp-content\/uploads\/2026\/03\/573245605_17972393687955351_9202964667968652847_n-225x300.jpg 225w, https:\/\/eduworldro.org\/wp-content\/uploads\/2026\/03\/573245605_17972393687955351_9202964667968652847_n-1152x1536.jpg 1152w, https:\/\/eduworldro.org\/wp-content\/uploads\/2026\/03\/573245605_17972393687955351_9202964667968652847_n-9x12.jpg 9w, https:\/\/eduworldro.org\/wp-content\/uploads\/2026\/03\/573245605_17972393687955351_9202964667968652847_n.jpg 1440w\" sizes=\"auto, (max-width: 768px) 100vw, 768px\" \/><\/figure><div class=\"wp-block-media-text__content\">\n<p>Situat\u0103 \u00een inima cartierului Cotroceni, Gr\u0103dini\u021ba My Universe completeaz\u0103 re\u021beaua partenerilor Eduworld cu o prezen\u021b\u0103 solid\u0103 \u00een zona central\u0103 a Capitalei. <\/p>\n\n\n\n<p>Cu un concept educa\u021bional modern \u0219i un accent puternic pe dezvoltarea emo\u021bional\u0103 \u0219i creativ\u0103 a copilului, My Universe este alegerea ideal\u0103 pentru familiile din Sectorul 5 \u0219i zonele limitrofe.<br><\/p>\n<\/div><\/div>\n\n\n\n<hr class=\"wp-block-separator has-alpha-channel-opacity\"\/>\n\n\n\n<h2 class=\"wp-block-heading\"><strong>De ce s\u0103 alegi o gr\u0103dini\u021b\u0103 partener\u0103 Eduworld?<\/strong><\/h2>\n\n\n\n<p>Gr\u0103dini\u021bele din re\u021beaua Eduworld nu sunt doar spa\u021bii de supraveghere \u2013 sunt medii \u00een care copiii cresc, se exprim\u0103 \u0219i se preg\u0103tesc pentru viitor. Iat\u0103 ce au \u00een comun toate gr\u0103dini\u021bele noastre partenere:<\/p>\n\n\n\n<ul class=\"wp-block-list\">\n<li><strong>Grupe mici<\/strong> \u2013 aten\u021bie individualizat\u0103 pentru fiecare copil<\/li>\n\n\n\n<li><strong>Educatoare calificate<\/strong> \u2013 personal cu formare continu\u0103 \u0219i pasiune pentru educa\u021bie timpurie<\/li>\n\n\n\n<li><strong>Program prelungit<\/strong> \u2013 solu\u021bii flexibile pentru p\u0103rin\u021bii activi, p\u00e2n\u0103 la ora 18:00<\/li>\n\n\n\n<li><strong>Activit\u0103\u021bi extracurriculare<\/strong> \u2013 englez\u0103, sport, art\u0103, muzic\u0103 \u0219i creativitate<\/li>\n\n\n\n<li><strong>Comunicare deschis\u0103 cu p\u0103rin\u021bii<\/strong> \u2013 actualiz\u0103ri regulate \u0219i implicare activ\u0103 a familiei<\/li>\n\n\n\n<li><strong>Valori comune<\/strong> \u2013 etic\u0103, respect, empatie \u0219i bucuria de a \u00eenv\u0103\u021ba<\/li>\n<\/ul>\n\n\n\n<h2 class=\"wp-block-heading\">\u00censcrie-\u021bi copilul la una dintre gr\u0103dini\u021bele partenere Eduworld<\/h2>\n\n\n\n<p>Fiecare gr\u0103dini\u021b\u0103 partener\u0103 prime\u0219te \u00eenscrieri direct. Apas\u0103 pe numele gr\u0103dini\u021bei pentru a vedea loca\u021bia pe hart\u0103, sau contacteaz\u0103-ne pe noi la Eduworld \u0219i te punem \u00een leg\u0103tur\u0103 cu echipa potrivit\u0103.<\/p>\n\n\n\n<p>Locurile sunt limitate \u2013 nu am\u00e2na decizia pentru copilul t\u0103u!<\/p>\n\n\n\n<h2 class=\"wp-block-heading\">E\u0219ti o gr\u0103dini\u021b\u0103 privat\u0103 \u0219i vrei s\u0103 devii partener Eduworld<\/h2>\n\n\n\n<p>Dac\u0103 conduci o gr\u0103dini\u021b\u0103 privat\u0103 \u00een Bucure\u0219ti sau \u00een jude\u021bul Ilfov \u0219i \u00eemp\u0103rt\u0103\u0219e\u0219ti valorile noastre educa\u021bionale, te invit\u0103m s\u0103 faci parte din comunitatea Eduworld. Parteneriatul \u00eenseamn\u0103 vizibilitate sporit\u0103, acces la o comunitate de p\u0103rin\u021bi implica\u021bi \u0219i colaborare cu o echip\u0103 dedicat\u0103 dezvolt\u0103rii educa\u021biei timpurii de calitate.<br><\/p>\n\n\n\n<p><\/p>","protected":false},"excerpt":{"rendered":"<p>Dac\u0103 sunte\u021bi \u00een c\u0103utarea unei gr\u0103dini\u021be pentru copilul dumneavoastr\u0103, mai jos g\u0103si\u021bi gr\u0103dini\u021bele partenere Gr\u0103dini\u021ba Happy Univers VoluntariStrada Emil Racovi\u021b\u0103 29ASediul 1 &#8211; Voluntari-Pipera +40 722 323 663happypipera(@)happyunivers.roLuni &#8211; Vineri 08:00 &#8211; 18:00 Gr\u0103dini\u021ba Happy Univers PiperaBulevardul Pipera 1ZSediul 2 &#8211; Voluntari-Pipera +40 722 323 663happypipera(@)happyunivers.roLuni &#8211; Vineri 08:00 &#8211; 18:00 Gradinita My UniverseStrada Costache [&hellip;]<\/p>\n","protected":false},"author":2,"featured_media":0,"parent":0,"menu_order":0,"comment_status":"closed","ping_status":"closed","template":"page-with-title","meta":{"_monsterinsights_skip_tracking":false,"_monsterinsights_sitenote_active":false,"_monsterinsights_sitenote_note":"","_monsterinsights_sitenote_category":0,"_uf_show_specific_survey":0,"_uf_disable_surveys":false,"footnotes":""},"class_list":["post-83","page","type-page","status-publish","hentry"],"aioseo_notices":[],"_links":{"self":[{"href":"https:\/\/eduworldro.org\/en\/wp-json\/wp\/v2\/pages\/83","targetHints":{"allow":["GET"]}}],"collection":[{"href":"https:\/\/eduworldro.org\/en\/wp-json\/wp\/v2\/pages"}],"about":[{"href":"https:\/\/eduworldro.org\/en\/wp-json\/wp\/v2\/types\/page"}],"author":[{"embeddable":true,"href":"https:\/\/eduworldro.org\/en\/wp-json\/wp\/v2\/users\/2"}],"replies":[{"embeddable":true,"href":"https:\/\/eduworldro.org\/en\/wp-json\/wp\/v2\/comments?post=83"}],"version-history":[{"count":27,"href":"https:\/\/eduworldro.org\/en\/wp-json\/wp\/v2\/pages\/83\/revisions"}],"predecessor-version":[{"id":155,"href":"https:\/\/eduworldro.org\/en\/wp-json\/wp\/v2\/pages\/83\/revisions\/155"}],"wp:attachment":[{"href":"https:\/\/eduworldro.org\/en\/wp-json\/wp\/v2\/media?parent=83"}],"curies":[{"name":"wp","href":"https:\/\/api.w.org\/{rel}","templated":true}]}}