{"id":34,"date":"2026-02-14T06:58:13","date_gmt":"2026-02-14T06:58:13","guid":{"rendered":"https:\/\/eduworldro.org\/gallery\/"},"modified":"2026-03-01T11:45:53","modified_gmt":"2026-03-01T11:45:53","slug":"gallery","status":"publish","type":"page","link":"https:\/\/eduworldro.org\/en\/gallery\/","title":{"rendered":"Galerie"},"content":{"rendered":"<div class=\"wp-block-group alignfull is-style-ext-preset--group--natural-1--section has-background-background-color has-background has-global-padding is-layout-constrained wp-container-core-group-is-layout-f72f1611 wp-block-group-is-layout-constrained\" id=\"gallery\" style=\"margin-top:0;margin-bottom:0;padding-top:var(--wp--preset--spacing--70);padding-bottom:var(--wp--preset--spacing--70)\">\n<div class=\"wp-block-group alignwide is-vertical is-layout-flex wp-container-core-group-is-layout-c35747d5 wp-block-group-is-layout-flex\">\n<div class=\"wp-block-group has-global-padding is-layout-constrained wp-container-core-group-is-layout-5e05634a wp-block-group-is-layout-constrained\">\n<h2 class=\"wp-block-heading\">Sus\u021binem cre\u0219terea prin grij\u0103 plin\u0103 de compasiune<\/h2>\n\n\n\n<p class=\"has-text-align-left\">Descoper\u0103 o galerie vibrant\u0103 ce surprinde momente de \u00eenv\u0103\u021bare plin\u0103 de bucurie \u0219i medii pline de grij\u0103.<\/p>\n<\/div>\n<\/div>\n\n\n\n<div class=\"wp-block-columns alignwide is-layout-flex wp-container-core-columns-is-layout-87beb0d0 wp-block-columns-is-layout-flex\">\n<div class=\"wp-block-column is-vertically-aligned-stretch is-layout-flow wp-container-core-column-is-layout-f5bb311e wp-block-column-is-layout-flow\" style=\"flex-basis:50%\">\n<div class=\"wp-block-cover extendify-image-import is-style-ext-preset--image--natural-1--image-1--content-top is-style-ext-preset--image--natural-1--image-1--content-top--2\" style=\"padding-top:0;padding-bottom:0;min-height:100%;aspect-ratio:unset;\"><img decoding=\"async\" class=\"wp-block-cover__image-background\" alt=\"\" src=\"https:\/\/images.unsplash.com\/photo-1663970206579-c157cba7edda?fit=crop&amp;crop=entropy%2Cfaces&amp;auto=format%2Ccompress&amp;w=1280\" data-object-fit=\"cover\"\/><span aria-hidden=\"true\" class=\"wp-block-cover__background has-background-dim-0 has-background-dim\"><\/span><div class=\"wp-block-cover__inner-container is-layout-flow wp-block-cover-is-layout-flow\">\n<div style=\"height:240px\" aria-hidden=\"true\" class=\"wp-block-spacer\"><\/div>\n\n\n\n<figure class=\"wp-block-image size-large\"><img loading=\"lazy\" decoding=\"async\" width=\"828\" height=\"1024\" src=\"http:\/\/eduworldro.org\/wp-content\/uploads\/2026\/02\/WhatsApp-Image-2026-02-14-at-10.01.32-828x1024.jpeg\" alt=\"\" class=\"wp-image-52\" srcset=\"https:\/\/eduworldro.org\/wp-content\/uploads\/2026\/02\/WhatsApp-Image-2026-02-14-at-10.01.32-828x1024.jpeg 828w, https:\/\/eduworldro.org\/wp-content\/uploads\/2026\/02\/WhatsApp-Image-2026-02-14-at-10.01.32-243x300.jpeg 243w, https:\/\/eduworldro.org\/wp-content\/uploads\/2026\/02\/WhatsApp-Image-2026-02-14-at-10.01.32-768x950.jpeg 768w, https:\/\/eduworldro.org\/wp-content\/uploads\/2026\/02\/WhatsApp-Image-2026-02-14-at-10.01.32-1242x1536.jpeg 1242w, https:\/\/eduworldro.org\/wp-content\/uploads\/2026\/02\/WhatsApp-Image-2026-02-14-at-10.01.32-10x12.jpeg 10w, https:\/\/eduworldro.org\/wp-content\/uploads\/2026\/02\/WhatsApp-Image-2026-02-14-at-10.01.32.jpeg 1294w\" sizes=\"auto, (max-width: 828px) 100vw, 828px\" \/><\/figure>\n<\/div><\/div>\n<\/div>\n\n\n\n<div class=\"wp-block-column is-vertically-aligned-top is-layout-flow wp-container-core-column-is-layout-f5bb311e wp-block-column-is-layout-flow\">\n<figure class=\"wp-block-image size-large is-style-ext-preset--image--natural-1--image-1--content-top extendify-image-import is-style-ext-preset--image--natural-1--image-1--content-top--3\"><img loading=\"lazy\" decoding=\"async\" width=\"817\" height=\"1024\" src=\"https:\/\/eduworldro.org\/wp-content\/uploads\/2026\/02\/WhatsApp-Image-2026-02-14-at-10.17.14-817x1024.jpeg\" alt=\"\" class=\"wp-image-61\" style=\"aspect-ratio:1;object-fit:cover\" srcset=\"https:\/\/eduworldro.org\/wp-content\/uploads\/2026\/02\/WhatsApp-Image-2026-02-14-at-10.17.14-817x1024.jpeg 817w, https:\/\/eduworldro.org\/wp-content\/uploads\/2026\/02\/WhatsApp-Image-2026-02-14-at-10.17.14-239x300.jpeg 239w, https:\/\/eduworldro.org\/wp-content\/uploads\/2026\/02\/WhatsApp-Image-2026-02-14-at-10.17.14-768x962.jpeg 768w, https:\/\/eduworldro.org\/wp-content\/uploads\/2026\/02\/WhatsApp-Image-2026-02-14-at-10.17.14-1226x1536.jpeg 1226w, https:\/\/eduworldro.org\/wp-content\/uploads\/2026\/02\/WhatsApp-Image-2026-02-14-at-10.17.14-10x12.jpeg 10w, https:\/\/eduworldro.org\/wp-content\/uploads\/2026\/02\/WhatsApp-Image-2026-02-14-at-10.17.14.jpeg 1277w\" sizes=\"auto, (max-width: 817px) 100vw, 817px\" \/><\/figure>\n\n\n\n<figure class=\"wp-block-image size-full is-style-ext-preset--image--natural-1--image-1--content-top extendify-image-import is-style-ext-preset--image--natural-1--image-1--content-top--4\"><img loading=\"lazy\" decoding=\"async\" width=\"743\" height=\"894\" src=\"https:\/\/eduworldro.org\/wp-content\/uploads\/2026\/02\/WhatsApp-Image-2026-02-14-at-10.11.55.jpeg\" alt=\"\" class=\"wp-image-56\" style=\"aspect-ratio:1;object-fit:cover\" srcset=\"https:\/\/eduworldro.org\/wp-content\/uploads\/2026\/02\/WhatsApp-Image-2026-02-14-at-10.11.55.jpeg 743w, https:\/\/eduworldro.org\/wp-content\/uploads\/2026\/02\/WhatsApp-Image-2026-02-14-at-10.11.55-249x300.jpeg 249w, https:\/\/eduworldro.org\/wp-content\/uploads\/2026\/02\/WhatsApp-Image-2026-02-14-at-10.11.55-10x12.jpeg 10w\" sizes=\"auto, (max-width: 743px) 100vw, 743px\" \/><\/figure>\n<\/div>\n\n\n\n<div class=\"wp-block-column is-vertically-aligned-top is-layout-flow wp-container-core-column-is-layout-f5bb311e wp-block-column-is-layout-flow\">\n<figure class=\"wp-block-image size-large is-style-ext-preset--image--natural-1--image-1--content-top extendify-image-import is-style-ext-preset--image--natural-1--image-1--content-top--5\"><img loading=\"lazy\" decoding=\"async\" width=\"471\" height=\"1024\" src=\"http:\/\/eduworldro.org\/wp-content\/uploads\/2026\/02\/WhatsApp-Image-2026-02-14-at-10.07.31-471x1024.jpeg\" alt=\"\" class=\"wp-image-54\" style=\"aspect-ratio:1;object-fit:cover\"\/><\/figure>\n\n\n\n<figure class=\"wp-block-image size-large is-style-ext-preset--image--natural-1--image-1--content-top extendify-image-import is-style-ext-preset--image--natural-1--image-1--content-top--6\"><img loading=\"lazy\" decoding=\"async\" width=\"1024\" height=\"748\" src=\"https:\/\/eduworldro.org\/wp-content\/uploads\/2026\/02\/WhatsApp-Image-2026-02-14-at-10.13.17-1024x748.jpeg\" alt=\"\" class=\"wp-image-57\" style=\"aspect-ratio:1;object-fit:cover\" srcset=\"https:\/\/eduworldro.org\/wp-content\/uploads\/2026\/02\/WhatsApp-Image-2026-02-14-at-10.13.17-1024x748.jpeg 1024w, https:\/\/eduworldro.org\/wp-content\/uploads\/2026\/02\/WhatsApp-Image-2026-02-14-at-10.13.17-300x219.jpeg 300w, https:\/\/eduworldro.org\/wp-content\/uploads\/2026\/02\/WhatsApp-Image-2026-02-14-at-10.13.17-768x561.jpeg 768w, https:\/\/eduworldro.org\/wp-content\/uploads\/2026\/02\/WhatsApp-Image-2026-02-14-at-10.13.17-16x12.jpeg 16w, https:\/\/eduworldro.org\/wp-content\/uploads\/2026\/02\/WhatsApp-Image-2026-02-14-at-10.13.17.jpeg 1311w\" sizes=\"auto, (max-width: 1024px) 100vw, 1024px\" \/><\/figure>\n<\/div>\n<\/div>\n<\/div>\n\n\n\n<div class=\"wp-block-group alignfull is-style-ext-preset--group--natural-1--section has-tertiary-background-color has-background has-global-padding is-layout-constrained wp-container-core-group-is-layout-6714b1d7 wp-block-group-is-layout-constrained\" id=\"about\" style=\"margin-top:0;margin-bottom:0;padding-top:var(--wp--preset--spacing--70);padding-bottom:var(--wp--preset--spacing--70)\">\n<div class=\"wp-block-group alignwide is-vertical is-content-justification-center is-layout-flex wp-container-core-group-is-layout-c9ee0c5a wp-block-group-is-layout-flex\">\n<div class=\"wp-block-group has-global-padding is-layout-constrained wp-container-core-group-is-layout-2287c683 wp-block-group-is-layout-constrained\">\n<h2 class=\"wp-block-heading has-text-align-center\">Surprindem momente de cre\u0219tere \u0219i bucurie<\/h2>\n\n\n\n<p class=\"has-text-align-center\">Descoper\u0103 angajamentul Eduworld pentru dezvoltarea copiilor \u0219i educa\u021bia etic\u0103, prin imagini vii ce celebreaz\u0103 grija zilnic\u0103 \u0219i experien\u021bele lor de \u00eenv\u0103\u021bare.<\/p>\n<\/div>\n<\/div>\n\n\n\n<div class=\"wp-block-columns alignwide is-layout-flex wp-container-core-columns-is-layout-28f84493 wp-block-columns-is-layout-flex\">\n<div class=\"wp-block-column is-layout-flow wp-block-column-is-layout-flow\">\n<figure class=\"wp-block-image size-large is-style-ext-preset-image-natural-1-image-1--content-bottom is-style-ext-preset--image--natural-1--image-1--content-bottom extendify-image-import is-style-ext-preset--image--natural-1--image-1--content-bottom--8\"><img loading=\"lazy\" decoding=\"async\" width=\"979\" height=\"1024\" src=\"https:\/\/eduworldro.org\/wp-content\/uploads\/2026\/02\/WhatsApp-Image-2026-02-14-at-10.10.55-979x1024.jpeg\" alt=\"\" class=\"wp-image-58\" style=\"aspect-ratio:3\/4;object-fit:cover\" srcset=\"https:\/\/eduworldro.org\/wp-content\/uploads\/2026\/02\/WhatsApp-Image-2026-02-14-at-10.10.55-979x1024.jpeg 979w, https:\/\/eduworldro.org\/wp-content\/uploads\/2026\/02\/WhatsApp-Image-2026-02-14-at-10.10.55-287x300.jpeg 287w, https:\/\/eduworldro.org\/wp-content\/uploads\/2026\/02\/WhatsApp-Image-2026-02-14-at-10.10.55-768x803.jpeg 768w, https:\/\/eduworldro.org\/wp-content\/uploads\/2026\/02\/WhatsApp-Image-2026-02-14-at-10.10.55-11x12.jpeg 11w, https:\/\/eduworldro.org\/wp-content\/uploads\/2026\/02\/WhatsApp-Image-2026-02-14-at-10.10.55.jpeg 1320w\" sizes=\"auto, (max-width: 979px) 100vw, 979px\" \/><\/figure>\n<\/div>\n\n\n\n<div class=\"wp-block-column is-layout-flow wp-block-column-is-layout-flow\">\n<figure class=\"wp-block-image size-large is-style-ext-preset-image-natural-1-image-1--content-bottom is-style-ext-preset--image--natural-1--image-1--content-bottom extendify-image-import is-style-ext-preset--image--natural-1--image-1--content-bottom--9\"><img loading=\"lazy\" decoding=\"async\" width=\"1024\" height=\"779\" src=\"https:\/\/eduworldro.org\/wp-content\/uploads\/2026\/02\/WhatsApp-Image-2026-02-14-at-10.16.33-1024x779.jpeg\" alt=\"\" class=\"wp-image-59\" style=\"aspect-ratio:3\/4;object-fit:cover\" srcset=\"https:\/\/eduworldro.org\/wp-content\/uploads\/2026\/02\/WhatsApp-Image-2026-02-14-at-10.16.33-1024x779.jpeg 1024w, https:\/\/eduworldro.org\/wp-content\/uploads\/2026\/02\/WhatsApp-Image-2026-02-14-at-10.16.33-300x228.jpeg 300w, https:\/\/eduworldro.org\/wp-content\/uploads\/2026\/02\/WhatsApp-Image-2026-02-14-at-10.16.33-768x584.jpeg 768w, https:\/\/eduworldro.org\/wp-content\/uploads\/2026\/02\/WhatsApp-Image-2026-02-14-at-10.16.33-16x12.jpeg 16w, https:\/\/eduworldro.org\/wp-content\/uploads\/2026\/02\/WhatsApp-Image-2026-02-14-at-10.16.33.jpeg 1320w\" sizes=\"auto, (max-width: 1024px) 100vw, 1024px\" \/><\/figure>\n<\/div>\n\n\n\n<div class=\"wp-block-column is-layout-flow wp-block-column-is-layout-flow\">\n<figure class=\"wp-block-image size-large is-style-ext-preset-image-natural-1-image-1--content-bottom is-style-ext-preset--image--natural-1--image-1--content-bottom extendify-image-import is-style-ext-preset--image--natural-1--image-1--content-bottom--10\"><img loading=\"lazy\" decoding=\"async\" width=\"817\" height=\"1024\" src=\"https:\/\/eduworldro.org\/wp-content\/uploads\/2026\/02\/WhatsApp-Image-2026-02-14-at-10.16.52-817x1024.jpeg\" alt=\"\" class=\"wp-image-60\" style=\"aspect-ratio:3\/4;object-fit:cover\" srcset=\"https:\/\/eduworldro.org\/wp-content\/uploads\/2026\/02\/WhatsApp-Image-2026-02-14-at-10.16.52-817x1024.jpeg 817w, https:\/\/eduworldro.org\/wp-content\/uploads\/2026\/02\/WhatsApp-Image-2026-02-14-at-10.16.52-239x300.jpeg 239w, https:\/\/eduworldro.org\/wp-content\/uploads\/2026\/02\/WhatsApp-Image-2026-02-14-at-10.16.52-768x962.jpeg 768w, https:\/\/eduworldro.org\/wp-content\/uploads\/2026\/02\/WhatsApp-Image-2026-02-14-at-10.16.52-1226x1536.jpeg 1226w, https:\/\/eduworldro.org\/wp-content\/uploads\/2026\/02\/WhatsApp-Image-2026-02-14-at-10.16.52-10x12.jpeg 10w, https:\/\/eduworldro.org\/wp-content\/uploads\/2026\/02\/WhatsApp-Image-2026-02-14-at-10.16.52.jpeg 1277w\" sizes=\"auto, (max-width: 817px) 100vw, 817px\" \/><\/figure>\n<\/div>\n<\/div>\n<\/div>\n\n\n\n<div class=\"wp-block-group alignfull is-style-ext-preset--group--natural-1--section has-background-background-color has-background has-global-padding is-layout-constrained wp-container-core-group-is-layout-e955bbaf wp-block-group-is-layout-constrained\" id=\"testimonials\" style=\"margin-top:0;margin-bottom:0;padding-top:var(--wp--preset--spacing--70);padding-bottom:var(--wp--preset--spacing--70)\">\n<div class=\"wp-block-group alignwide is-vertical is-layout-flex wp-container-core-group-is-layout-c35747d5 wp-block-group-is-layout-flex\">\n<div class=\"wp-block-group has-global-padding is-layout-constrained wp-container-core-group-is-layout-2287c683 wp-block-group-is-layout-constrained\">\n<h2 class=\"wp-block-heading\">Cultiv\u0103m cre\u0219terea \u00een min\u021bile tinere<\/h2>\n\n\n\n<p>M\u0103rturiile clien\u021bilor no\u0219tri vorbesc de la sine despre serviciile \u0219i dedicarea noastr\u0103. Descoper\u0103 experien\u021bele lor.<\/p>\n<\/div>\n<\/div>\n\n\n\n<div class=\"wp-block-columns alignwide is-layout-flex wp-container-core-columns-is-layout-47c06fe3 wp-block-columns-is-layout-flex\">\n<div class=\"wp-block-column is-layout-flow wp-block-column-is-layout-flow\">\n<div class=\"wp-block-group is-style-ext-preset--group--natural-1--item-card-1--align-start has-global-padding is-layout-constrained wp-block-group-is-layout-constrained is-style-ext-preset--group--natural-1--item-card-1--align-start--12\"><\/div>\n<\/div>\n\n\n\n<div class=\"wp-block-column is-layout-flow wp-block-column-is-layout-flow\">\n<div class=\"wp-block-group is-style-ext-preset--group--natural-1--item-card-1--align-start has-global-padding is-layout-constrained wp-block-group-is-layout-constrained is-style-ext-preset--group--natural-1--item-card-1--align-start--13\"><\/div>\n<\/div>\n<\/div>\n<\/div>","protected":false},"excerpt":{"rendered":"<p>Sus\u021binem cre\u0219terea prin grij\u0103 plin\u0103 de compasiune Descoper\u0103 o galerie vibrant\u0103 ce surprinde momente de \u00eenv\u0103\u021bare plin\u0103 de bucurie \u0219i medii pline de grij\u0103. Surprindem momente de cre\u0219tere \u0219i bucurie Descoper\u0103 angajamentul Eduworld pentru dezvoltarea copiilor \u0219i educa\u021bia etic\u0103, prin imagini vii ce celebreaz\u0103 grija zilnic\u0103 \u0219i experien\u021bele lor de \u00eenv\u0103\u021bare. Cultiv\u0103m cre\u0219terea \u00een min\u021bile [&hellip;]<\/p>\n","protected":false},"author":1,"featured_media":0,"parent":0,"menu_order":0,"comment_status":"closed","ping_status":"closed","template":"page-with-title","meta":{"_monsterinsights_skip_tracking":false,"_monsterinsights_sitenote_active":false,"_monsterinsights_sitenote_note":"","_monsterinsights_sitenote_category":0,"_uf_show_specific_survey":0,"_uf_disable_surveys":false,"footnotes":""},"class_list":["post-34","page","type-page","status-publish","hentry"],"aioseo_notices":[],"_links":{"self":[{"href":"https:\/\/eduworldro.org\/en\/wp-json\/wp\/v2\/pages\/34","targetHints":{"allow":["GET"]}}],"collection":[{"href":"https:\/\/eduworldro.org\/en\/wp-json\/wp\/v2\/pages"}],"about":[{"href":"https:\/\/eduworldro.org\/en\/wp-json\/wp\/v2\/types\/page"}],"author":[{"embeddable":true,"href":"https:\/\/eduworldro.org\/en\/wp-json\/wp\/v2\/users\/1"}],"replies":[{"embeddable":true,"href":"https:\/\/eduworldro.org\/en\/wp-json\/wp\/v2\/comments?post=34"}],"version-history":[{"count":2,"href":"https:\/\/eduworldro.org\/en\/wp-json\/wp\/v2\/pages\/34\/revisions"}],"predecessor-version":[{"id":86,"href":"https:\/\/eduworldro.org\/en\/wp-json\/wp\/v2\/pages\/34\/revisions\/86"}],"wp:attachment":[{"href":"https:\/\/eduworldro.org\/en\/wp-json\/wp\/v2\/media?parent=34"}],"curies":[{"name":"wp","href":"https:\/\/api.w.org\/{rel}","templated":true}]}}